{"id":434,"date":"2023-11-13T12:45:15","date_gmt":"2023-11-13T12:45:15","guid":{"rendered":"https:\/\/vpj-industries.fi\/?page_id=434"},"modified":"2023-12-31T15:39:55","modified_gmt":"2023-12-31T15:39:55","slug":"metallityot-2","status":"publish","type":"page","link":"https:\/\/vpj-industries.fi\/index.php\/metallityot-2\/","title":{"rendered":"Metallity\u00f6t"},"content":{"rendered":"\n<p class=\"has-medium-font-size\">Sorvattuja holkkeja<\/p>\n\n\n\n<p class=\"has-small-font-size\"><\/p>\n\n\n\n<figure class=\"wp-block-image size-full is-resized\"><img loading=\"lazy\" decoding=\"async\" width=\"809\" height=\"433\" src=\"https:\/\/vpj-industries.fi\/wp-content\/uploads\/2016\/01\/cropped-cropped-img_2175-1.jpg\" alt=\"\" class=\"wp-image-486\" style=\"width:840px;height:auto\" srcset=\"https:\/\/vpj-industries.fi\/wp-content\/uploads\/2016\/01\/cropped-cropped-img_2175-1.jpg 809w, https:\/\/vpj-industries.fi\/wp-content\/uploads\/2016\/01\/cropped-cropped-img_2175-1-300x161.jpg 300w, https:\/\/vpj-industries.fi\/wp-content\/uploads\/2016\/01\/cropped-cropped-img_2175-1-768x411.jpg 768w\" sizes=\"auto, (max-width: 809px) 100vw, 809px\" \/><\/figure>\n\n\n\n<p class=\"has-medium-font-size\">Sel\u00e4np\u00e4\u00e4n aseman invaluiska<\/p>\n\n\n\n<p>Ter\u00e4srakenteinen invaluiska: mitat leveys 1300 mm, pituus 10000 mm, pintak\u00e4sittely kuumasinkitys<\/p>\n\n\n\n<figure class=\"wp-block-image size-large\"><img loading=\"lazy\" decoding=\"async\" width=\"1024\" height=\"768\" src=\"https:\/\/vpj-industries.fi\/wp-content\/uploads\/2016\/11\/20161103_142204-1024x768.jpg\" alt=\"\" class=\"wp-image-169\" srcset=\"https:\/\/vpj-industries.fi\/wp-content\/uploads\/2016\/11\/20161103_142204-1024x768.jpg 1024w, https:\/\/vpj-industries.fi\/wp-content\/uploads\/2016\/11\/20161103_142204-300x225.jpg 300w, https:\/\/vpj-industries.fi\/wp-content\/uploads\/2016\/11\/20161103_142204-768x576.jpg 768w, https:\/\/vpj-industries.fi\/wp-content\/uploads\/2016\/11\/20161103_142204-293x220.jpg 293w\" sizes=\"auto, (max-width: 1024px) 100vw, 1024px\" \/><\/figure>\n\n\n\n<figure class=\"wp-block-image size-large\"><img loading=\"lazy\" decoding=\"async\" width=\"1024\" height=\"768\" src=\"https:\/\/vpj-industries.fi\/wp-content\/uploads\/2016\/11\/20161103_142105-1024x768.jpg\" alt=\"\" class=\"wp-image-170\" srcset=\"https:\/\/vpj-industries.fi\/wp-content\/uploads\/2016\/11\/20161103_142105-1024x768.jpg 1024w, https:\/\/vpj-industries.fi\/wp-content\/uploads\/2016\/11\/20161103_142105-300x225.jpg 300w, https:\/\/vpj-industries.fi\/wp-content\/uploads\/2016\/11\/20161103_142105-768x576.jpg 768w, https:\/\/vpj-industries.fi\/wp-content\/uploads\/2016\/11\/20161103_142105-293x220.jpg 293w\" sizes=\"auto, (max-width: 1024px) 100vw, 1024px\" \/><\/figure>\n","protected":false},"excerpt":{"rendered":"<p>Sorvattuja holkkeja Sel\u00e4np\u00e4\u00e4n aseman invaluiska Ter\u00e4srakenteinen invaluiska: mitat leveys 1300 mm, pituus 10000 mm, pintak\u00e4sittely kuumasinkitys<\/p>\n","protected":false},"author":1,"featured_media":0,"parent":0,"menu_order":0,"comment_status":"closed","ping_status":"closed","template":"","meta":{"footnotes":""},"class_list":["post-434","page","type-page","status-publish","hentry"],"jetpack_sharing_enabled":true,"_links":{"self":[{"href":"https:\/\/vpj-industries.fi\/index.php\/wp-json\/wp\/v2\/pages\/434","targetHints":{"allow":["GET"]}}],"collection":[{"href":"https:\/\/vpj-industries.fi\/index.php\/wp-json\/wp\/v2\/pages"}],"about":[{"href":"https:\/\/vpj-industries.fi\/index.php\/wp-json\/wp\/v2\/types\/page"}],"author":[{"embeddable":true,"href":"https:\/\/vpj-industries.fi\/index.php\/wp-json\/wp\/v2\/users\/1"}],"replies":[{"embeddable":true,"href":"https:\/\/vpj-industries.fi\/index.php\/wp-json\/wp\/v2\/comments?post=434"}],"version-history":[{"count":3,"href":"https:\/\/vpj-industries.fi\/index.php\/wp-json\/wp\/v2\/pages\/434\/revisions"}],"predecessor-version":[{"id":500,"href":"https:\/\/vpj-industries.fi\/index.php\/wp-json\/wp\/v2\/pages\/434\/revisions\/500"}],"wp:attachment":[{"href":"https:\/\/vpj-industries.fi\/index.php\/wp-json\/wp\/v2\/media?parent=434"}],"curies":[{"name":"wp","href":"https:\/\/api.w.org\/{rel}","templated":true}]}}