{"id":433,"date":"2023-11-13T12:45:15","date_gmt":"2023-11-13T12:45:15","guid":{"rendered":"https:\/\/vpj-industries.fi\/?page_id=433"},"modified":"2024-01-01T00:42:11","modified_gmt":"2024-01-01T00:42:11","slug":"maalaukset","status":"publish","type":"page","link":"https:\/\/vpj-industries.fi\/index.php\/maalaukset\/","title":{"rendered":"Maalaukset"},"content":{"rendered":"\n<p>Alkuper\u00e4iset \u00f6ljyv\u00e4riteokset on maalannut Ville-Pekka J\u00e4lk\u00f6. Niist\u00e4 painettuja tuotteita voit ostaa Iitin Maatilatorilta ja Heinolan Heilasta.<\/p>\n\n\n\n<p>Voit my\u00f6s kysy\u00e4 maalausten pohjalta tehdyist\u00e4 erikseen r\u00e4\u00e4t\u00e4l\u00f6idyist\u00e4 tuotteista omalla tekstill\u00e4 tai yrityksen logolla. Yhteystiedot l\u00f6yd\u00e4t verkkokaupasta.<\/p>\n\n\n\n<p>Postikortteja, magneettikortteja ja kalenterimagneetteja voit tilata verkkokaupastani: <a href=\"https:\/\/holvi.com\/shop\/VPJ-IND\/\">https:\/\/holvi.com\/shop\/VPJ-IND\/<\/a><\/p>\n\n\n\n<div class=\"wp-block-buttons is-layout-flex wp-block-buttons-is-layout-flex\">\n<div class=\"wp-block-button\"><a class=\"wp-block-button__link wp-element-button\" href=\"https:\/\/holvi.com\/shop\/VPJ-IND\/\">verkkokauppaan<\/a><\/div>\n<\/div>\n\n\n\n<p>Alla kuvia maalauksista ja listausta niist\u00e4 saatavista tuotteista<\/p>\n\n\n\n<p><strong>Vaaleanvihre\u00e4 traktori, MK0401-sarja<\/strong><\/p>\n\n\n\n<ul class=\"wp-block-list\">\n<li>postikortit A6 105&#215;148 mm<\/li>\n<\/ul>\n\n\n\n<p>T\u00e4m\u00e4n teoksen pohjalta painettiin ensimm\u00e4inen sarja postikortteja. N\u00e4it\u00e4 kortteja on saatavilla Iitin Maatilatorilta ja Heinolan Heilasta.<\/p>\n\n\n\n<figure class=\"wp-block-image size-large\"><img loading=\"lazy\" decoding=\"async\" width=\"1024\" height=\"808\" src=\"https:\/\/vpj-industries.fi\/wp-content\/uploads\/2023\/11\/20230730_154323_Grass-Vendictor-2000-7-1024x808.jpg\" alt=\"\" class=\"wp-image-458\" srcset=\"https:\/\/vpj-industries.fi\/wp-content\/uploads\/2023\/11\/20230730_154323_Grass-Vendictor-2000-7-1024x808.jpg 1024w, https:\/\/vpj-industries.fi\/wp-content\/uploads\/2023\/11\/20230730_154323_Grass-Vendictor-2000-7-300x237.jpg 300w, https:\/\/vpj-industries.fi\/wp-content\/uploads\/2023\/11\/20230730_154323_Grass-Vendictor-2000-7-768x606.jpg 768w, https:\/\/vpj-industries.fi\/wp-content\/uploads\/2023\/11\/20230730_154323_Grass-Vendictor-2000-7-1536x1212.jpg 1536w, https:\/\/vpj-industries.fi\/wp-content\/uploads\/2023\/11\/20230730_154323_Grass-Vendictor-2000-7-2048x1616.jpg 2048w, https:\/\/vpj-industries.fi\/wp-content\/uploads\/2023\/11\/20230730_154323_Grass-Vendictor-2000-7-76x60.jpg 76w\" sizes=\"auto, (max-width: 1024px) 100vw, 1024px\" \/><\/figure>\n\n\n\n<p><\/p>\n\n\n\n<p><strong>Vihre\u00e4mpi traktori<\/strong><\/p>\n\n\n\n<p>Tulossa<\/p>\n\n\n\n<figure class=\"wp-block-image size-large\"><img loading=\"lazy\" decoding=\"async\" width=\"1024\" height=\"862\" src=\"https:\/\/vpj-industries.fi\/wp-content\/uploads\/2023\/11\/20230731_071145_J-5-1024x862.jpg\" alt=\"\" class=\"wp-image-424\" srcset=\"https:\/\/vpj-industries.fi\/wp-content\/uploads\/2023\/11\/20230731_071145_J-5-1024x862.jpg 1024w, https:\/\/vpj-industries.fi\/wp-content\/uploads\/2023\/11\/20230731_071145_J-5-300x253.jpg 300w, https:\/\/vpj-industries.fi\/wp-content\/uploads\/2023\/11\/20230731_071145_J-5-768x647.jpg 768w, https:\/\/vpj-industries.fi\/wp-content\/uploads\/2023\/11\/20230731_071145_J-5-1536x1294.jpg 1536w, https:\/\/vpj-industries.fi\/wp-content\/uploads\/2023\/11\/20230731_071145_J-5-2048x1725.jpg 2048w, https:\/\/vpj-industries.fi\/wp-content\/uploads\/2023\/11\/20230731_071145_J-5-71x60.jpg 71w\" sizes=\"auto, (max-width: 1024px) 100vw, 1024px\" \/><\/figure>\n\n\n\n<p><strong>Kellert\u00e4v\u00e4n v\u00e4rinen traktori<\/strong><\/p>\n\n\n\n<p>Tulossa<\/p>\n\n\n\n<figure class=\"wp-block-image size-large\"><img loading=\"lazy\" decoding=\"async\" width=\"1024\" height=\"827\" src=\"https:\/\/vpj-industries.fi\/wp-content\/uploads\/2023\/11\/20230731_071317_Zurgus-1024x827.jpg\" alt=\"\" class=\"wp-image-415\" srcset=\"https:\/\/vpj-industries.fi\/wp-content\/uploads\/2023\/11\/20230731_071317_Zurgus-1024x827.jpg 1024w, https:\/\/vpj-industries.fi\/wp-content\/uploads\/2023\/11\/20230731_071317_Zurgus-300x242.jpg 300w, https:\/\/vpj-industries.fi\/wp-content\/uploads\/2023\/11\/20230731_071317_Zurgus-768x620.jpg 768w, https:\/\/vpj-industries.fi\/wp-content\/uploads\/2023\/11\/20230731_071317_Zurgus-1536x1241.jpg 1536w, https:\/\/vpj-industries.fi\/wp-content\/uploads\/2023\/11\/20230731_071317_Zurgus-2048x1654.jpg 2048w\" sizes=\"auto, (max-width: 1024px) 100vw, 1024px\" \/><\/figure>\n\n\n\n<p><strong>Sininen pieni traktori<\/strong><\/p>\n\n\n\n<ul class=\"wp-block-list\">\n<li>postikortit A6 105&#215;148 mm<\/li>\n<\/ul>\n\n\n\n<p>N\u00e4it\u00e4 postikortteja on saatavilla Iitin Maatilatorilta ja Heinolan Heilasta.<\/p>\n\n\n\n<figure class=\"wp-block-image size-large\"><img loading=\"lazy\" decoding=\"async\" width=\"1024\" height=\"848\" src=\"https:\/\/vpj-industries.fi\/wp-content\/uploads\/2023\/11\/20231104_181944_Sol-Invictus-2-1024x848.jpg\" alt=\"\" class=\"wp-image-416\" srcset=\"https:\/\/vpj-industries.fi\/wp-content\/uploads\/2023\/11\/20231104_181944_Sol-Invictus-2-1024x848.jpg 1024w, https:\/\/vpj-industries.fi\/wp-content\/uploads\/2023\/11\/20231104_181944_Sol-Invictus-2-300x248.jpg 300w, https:\/\/vpj-industries.fi\/wp-content\/uploads\/2023\/11\/20231104_181944_Sol-Invictus-2-768x636.jpg 768w, https:\/\/vpj-industries.fi\/wp-content\/uploads\/2023\/11\/20231104_181944_Sol-Invictus-2-1536x1271.jpg 1536w, https:\/\/vpj-industries.fi\/wp-content\/uploads\/2023\/11\/20231104_181944_Sol-Invictus-2-2048x1695.jpg 2048w\" sizes=\"auto, (max-width: 1024px) 100vw, 1024px\" \/><\/figure>\n","protected":false},"excerpt":{"rendered":"<p>Alkuper\u00e4iset \u00f6ljyv\u00e4riteokset on maalannut Ville-Pekka J\u00e4lk\u00f6. Niist\u00e4 painettuja tuotteita voit ostaa Iitin Maatilatorilta ja Heinolan Heilasta. Voit my\u00f6s kysy\u00e4 maalausten pohjalta tehdyist\u00e4 erikseen r\u00e4\u00e4t\u00e4l\u00f6idyist\u00e4 tuotteista omalla tekstill\u00e4 tai yrityksen logolla. Yhteystiedot l\u00f6yd\u00e4t verkkokaupasta. Postikortteja, magneettikortteja ja kalenterimagneetteja voit tilata verkkokaupastani: https:\/\/holvi.com\/shop\/VPJ-IND\/ Alla kuvia maalauksista ja listausta niist\u00e4 saatavista tuotteista Vaaleanvihre\u00e4 traktori, MK0401-sarja T\u00e4m\u00e4n teoksen pohjalta&#8230;<\/p>\n","protected":false},"author":1,"featured_media":0,"parent":0,"menu_order":0,"comment_status":"closed","ping_status":"closed","template":"","meta":{"footnotes":""},"class_list":["post-433","page","type-page","status-publish","hentry"],"jetpack_sharing_enabled":true,"_links":{"self":[{"href":"https:\/\/vpj-industries.fi\/index.php\/wp-json\/wp\/v2\/pages\/433","targetHints":{"allow":["GET"]}}],"collection":[{"href":"https:\/\/vpj-industries.fi\/index.php\/wp-json\/wp\/v2\/pages"}],"about":[{"href":"https:\/\/vpj-industries.fi\/index.php\/wp-json\/wp\/v2\/types\/page"}],"author":[{"embeddable":true,"href":"https:\/\/vpj-industries.fi\/index.php\/wp-json\/wp\/v2\/users\/1"}],"replies":[{"embeddable":true,"href":"https:\/\/vpj-industries.fi\/index.php\/wp-json\/wp\/v2\/comments?post=433"}],"version-history":[{"count":7,"href":"https:\/\/vpj-industries.fi\/index.php\/wp-json\/wp\/v2\/pages\/433\/revisions"}],"predecessor-version":[{"id":507,"href":"https:\/\/vpj-industries.fi\/index.php\/wp-json\/wp\/v2\/pages\/433\/revisions\/507"}],"wp:attachment":[{"href":"https:\/\/vpj-industries.fi\/index.php\/wp-json\/wp\/v2\/media?parent=433"}],"curies":[{"name":"wp","href":"https:\/\/api.w.org\/{rel}","templated":true}]}}