{"id":391,"date":"2023-11-13T08:39:17","date_gmt":"2023-11-13T08:39:17","guid":{"rendered":"https:\/\/vpj-industries.fi\/?page_id=391"},"modified":"2023-11-13T13:52:36","modified_gmt":"2023-11-13T13:52:36","slug":"vpj-industries","status":"publish","type":"page","link":"https:\/\/vpj-industries.fi\/","title":{"rendered":"VPJ INDUSTRIES"},"content":{"rendered":"\n<figure class=\"wp-block-image size-large\"><img loading=\"lazy\" decoding=\"async\" width=\"1024\" height=\"808\" src=\"https:\/\/vpj-industries.fi\/wp-content\/uploads\/2023\/11\/20230730_154323_Grass-Vendictor-2000-7-1024x808.jpg\" alt=\"\" class=\"wp-image-458\" srcset=\"https:\/\/vpj-industries.fi\/wp-content\/uploads\/2023\/11\/20230730_154323_Grass-Vendictor-2000-7-1024x808.jpg 1024w, https:\/\/vpj-industries.fi\/wp-content\/uploads\/2023\/11\/20230730_154323_Grass-Vendictor-2000-7-300x237.jpg 300w, https:\/\/vpj-industries.fi\/wp-content\/uploads\/2023\/11\/20230730_154323_Grass-Vendictor-2000-7-768x606.jpg 768w, https:\/\/vpj-industries.fi\/wp-content\/uploads\/2023\/11\/20230730_154323_Grass-Vendictor-2000-7-1536x1212.jpg 1536w, https:\/\/vpj-industries.fi\/wp-content\/uploads\/2023\/11\/20230730_154323_Grass-Vendictor-2000-7-2048x1616.jpg 2048w, https:\/\/vpj-industries.fi\/wp-content\/uploads\/2023\/11\/20230730_154323_Grass-Vendictor-2000-7-76x60.jpg 76w\" sizes=\"auto, (max-width: 1024px) 100vw, 1024px\" \/><\/figure>\n\n\n\n<h2 class=\"wp-block-heading\"><\/h2>\n\n\n\n<p class=\"has-text-align-center\">VPJ Industries on perustettu vuonna 2011. Ensimm\u00e4isin\u00e4 t\u00f6in\u00e4 tein hirsikorjauksia vanhoihin rakennuksiin. Ty\u00f6maille valmistin my\u00f6s suunnittelemiani ty\u00f6kaluja nostoihin ja siirtoihin. <\/p>\n\n\n\n<p>2023 maalasin ensimm\u00e4iset \u00f6ljyv\u00e4riteokset mm. maataloustraktoreista. N\u00e4ist\u00e4 painettuja postikortteja voi ostaa Iitin Maatilatorilta ja Heinolan Heilasta.<\/p>\n\n\n\n<div class=\"wp-block-group alignfull\" style=\"padding-top:var(--wp--preset--spacing--50);padding-right:var(--wp--preset--spacing--50);padding-bottom:var(--wp--preset--spacing--50);padding-left:var(--wp--preset--spacing--50)\"><div class=\"wp-block-group__inner-container is-layout-constrained wp-container-core-group-is-layout-f4d13f5d wp-block-group-is-layout-constrained\">\n<div class=\"wp-block-jetpack-tiled-gallery aligncenter is-style-rectangular\"><div class=\"tiled-gallery__gallery\"><div class=\"tiled-gallery__row\"><div class=\"tiled-gallery__col\" style=\"flex-basis:67.75903%\"><figure class=\"tiled-gallery__item\"><img decoding=\"async\" srcset=\"https:\/\/i0.wp.com\/vpj-industries.fi\/wp-content\/uploads\/2023\/11\/20230730_154323_Grass-Vendictor-2000-2-scaled.jpg?strip=info&#038;w=600&#038;ssl=1 600w,https:\/\/i0.wp.com\/vpj-industries.fi\/wp-content\/uploads\/2023\/11\/20230730_154323_Grass-Vendictor-2000-2-scaled.jpg?strip=info&#038;w=900&#038;ssl=1 900w,https:\/\/i0.wp.com\/vpj-industries.fi\/wp-content\/uploads\/2023\/11\/20230730_154323_Grass-Vendictor-2000-2-scaled.jpg?strip=info&#038;w=1200&#038;ssl=1 1200w,https:\/\/i0.wp.com\/vpj-industries.fi\/wp-content\/uploads\/2023\/11\/20230730_154323_Grass-Vendictor-2000-2-scaled.jpg?strip=info&#038;w=1500&#038;ssl=1 1500w,https:\/\/i0.wp.com\/vpj-industries.fi\/wp-content\/uploads\/2023\/11\/20230730_154323_Grass-Vendictor-2000-2-scaled.jpg?strip=info&#038;w=1800&#038;ssl=1 1800w,https:\/\/i0.wp.com\/vpj-industries.fi\/wp-content\/uploads\/2023\/11\/20230730_154323_Grass-Vendictor-2000-2-scaled.jpg?strip=info&#038;w=2000&#038;ssl=1 2000w\" alt=\"\" data-height=\"2019\" data-id=\"399\" data-link=\"https:\/\/vpj-industries.fi\/?attachment_id=399\" data-url=\"https:\/\/vpj-industries.fi\/wp-content\/uploads\/2023\/11\/20230730_154323_Grass-Vendictor-2000-2-scaled.jpg\" data-width=\"2560\" src=\"https:\/\/i0.wp.com\/vpj-industries.fi\/wp-content\/uploads\/2023\/11\/20230730_154323_Grass-Vendictor-2000-2-scaled.jpg?ssl=1\" data-amp-layout=\"responsive\"\/><\/figure><\/div><div class=\"tiled-gallery__col\" style=\"flex-basis:32.24097%\"><figure class=\"tiled-gallery__item\"><img decoding=\"async\" srcset=\"https:\/\/i0.wp.com\/vpj-industries.fi\/wp-content\/uploads\/2023\/11\/20230731_071317_Zurgus-1-scaled.jpg?strip=info&#038;w=600&#038;ssl=1 600w,https:\/\/i0.wp.com\/vpj-industries.fi\/wp-content\/uploads\/2023\/11\/20230731_071317_Zurgus-1-scaled.jpg?strip=info&#038;w=900&#038;ssl=1 900w,https:\/\/i0.wp.com\/vpj-industries.fi\/wp-content\/uploads\/2023\/11\/20230731_071317_Zurgus-1-scaled.jpg?strip=info&#038;w=1200&#038;ssl=1 1200w,https:\/\/i0.wp.com\/vpj-industries.fi\/wp-content\/uploads\/2023\/11\/20230731_071317_Zurgus-1-scaled.jpg?strip=info&#038;w=1500&#038;ssl=1 1500w,https:\/\/i0.wp.com\/vpj-industries.fi\/wp-content\/uploads\/2023\/11\/20230731_071317_Zurgus-1-scaled.jpg?strip=info&#038;w=1800&#038;ssl=1 1800w,https:\/\/i0.wp.com\/vpj-industries.fi\/wp-content\/uploads\/2023\/11\/20230731_071317_Zurgus-1-scaled.jpg?strip=info&#038;w=2000&#038;ssl=1 2000w\" alt=\"\" data-height=\"2068\" data-id=\"423\" data-link=\"https:\/\/vpj-industries.fi\/?attachment_id=423\" data-url=\"https:\/\/vpj-industries.fi\/wp-content\/uploads\/2023\/11\/20230731_071317_Zurgus-1-scaled.jpg\" data-width=\"2560\" src=\"https:\/\/i0.wp.com\/vpj-industries.fi\/wp-content\/uploads\/2023\/11\/20230731_071317_Zurgus-1-scaled.jpg?ssl=1\" data-amp-layout=\"responsive\"\/><\/figure><figure class=\"tiled-gallery__item\"><img decoding=\"async\" srcset=\"https:\/\/i2.wp.com\/vpj-industries.fi\/wp-content\/uploads\/2023\/11\/20230731_071145_J-3-scaled.jpg?strip=info&#038;w=600&#038;ssl=1 600w,https:\/\/i2.wp.com\/vpj-industries.fi\/wp-content\/uploads\/2023\/11\/20230731_071145_J-3-scaled.jpg?strip=info&#038;w=900&#038;ssl=1 900w,https:\/\/i2.wp.com\/vpj-industries.fi\/wp-content\/uploads\/2023\/11\/20230731_071145_J-3-scaled.jpg?strip=info&#038;w=1200&#038;ssl=1 1200w,https:\/\/i2.wp.com\/vpj-industries.fi\/wp-content\/uploads\/2023\/11\/20230731_071145_J-3-scaled.jpg?strip=info&#038;w=1500&#038;ssl=1 1500w,https:\/\/i2.wp.com\/vpj-industries.fi\/wp-content\/uploads\/2023\/11\/20230731_071145_J-3-scaled.jpg?strip=info&#038;w=1800&#038;ssl=1 1800w,https:\/\/i2.wp.com\/vpj-industries.fi\/wp-content\/uploads\/2023\/11\/20230731_071145_J-3-scaled.jpg?strip=info&#038;w=2000&#038;ssl=1 2000w\" alt=\"\" data-height=\"2156\" data-id=\"411\" data-link=\"https:\/\/vpj-industries.fi\/?attachment_id=411\" data-url=\"https:\/\/vpj-industries.fi\/wp-content\/uploads\/2023\/11\/20230731_071145_J-3-scaled.jpg\" data-width=\"2560\" src=\"https:\/\/i2.wp.com\/vpj-industries.fi\/wp-content\/uploads\/2023\/11\/20230731_071145_J-3-scaled.jpg?ssl=1\" data-amp-layout=\"responsive\"\/><\/figure><\/div><\/div><div class=\"tiled-gallery__row\"><div class=\"tiled-gallery__col\" style=\"flex-basis:46.19006%\"><figure class=\"tiled-gallery__item\"><img decoding=\"async\" srcset=\"https:\/\/i2.wp.com\/vpj-industries.fi\/wp-content\/uploads\/2023\/11\/20231104_181944_Sol-Invictus-3-scaled.jpg?strip=info&#038;w=600&#038;ssl=1 600w,https:\/\/i2.wp.com\/vpj-industries.fi\/wp-content\/uploads\/2023\/11\/20231104_181944_Sol-Invictus-3-scaled.jpg?strip=info&#038;w=900&#038;ssl=1 900w,https:\/\/i2.wp.com\/vpj-industries.fi\/wp-content\/uploads\/2023\/11\/20231104_181944_Sol-Invictus-3-scaled.jpg?strip=info&#038;w=1200&#038;ssl=1 1200w,https:\/\/i2.wp.com\/vpj-industries.fi\/wp-content\/uploads\/2023\/11\/20231104_181944_Sol-Invictus-3-scaled.jpg?strip=info&#038;w=1500&#038;ssl=1 1500w,https:\/\/i2.wp.com\/vpj-industries.fi\/wp-content\/uploads\/2023\/11\/20231104_181944_Sol-Invictus-3-scaled.jpg?strip=info&#038;w=1800&#038;ssl=1 1800w,https:\/\/i2.wp.com\/vpj-industries.fi\/wp-content\/uploads\/2023\/11\/20231104_181944_Sol-Invictus-3-scaled.jpg?strip=info&#038;w=2000&#038;ssl=1 2000w\" alt=\"\" data-height=\"2119\" data-id=\"426\" data-link=\"https:\/\/vpj-industries.fi\/?attachment_id=426\" data-url=\"https:\/\/vpj-industries.fi\/wp-content\/uploads\/2023\/11\/20231104_181944_Sol-Invictus-3-scaled.jpg\" data-width=\"2560\" src=\"https:\/\/i2.wp.com\/vpj-industries.fi\/wp-content\/uploads\/2023\/11\/20231104_181944_Sol-Invictus-3-scaled.jpg?ssl=1\" data-amp-layout=\"responsive\"\/><\/figure><figure class=\"tiled-gallery__item\"><img decoding=\"async\" srcset=\"https:\/\/i0.wp.com\/vpj-industries.fi\/wp-content\/uploads\/2021\/02\/20210126_0134111-scaled.jpg?strip=info&#038;w=600&#038;ssl=1 600w,https:\/\/i0.wp.com\/vpj-industries.fi\/wp-content\/uploads\/2021\/02\/20210126_0134111-scaled.jpg?strip=info&#038;w=900&#038;ssl=1 900w,https:\/\/i0.wp.com\/vpj-industries.fi\/wp-content\/uploads\/2021\/02\/20210126_0134111-scaled.jpg?strip=info&#038;w=1200&#038;ssl=1 1200w,https:\/\/i0.wp.com\/vpj-industries.fi\/wp-content\/uploads\/2021\/02\/20210126_0134111-scaled.jpg?strip=info&#038;w=1500&#038;ssl=1 1500w,https:\/\/i0.wp.com\/vpj-industries.fi\/wp-content\/uploads\/2021\/02\/20210126_0134111-scaled.jpg?strip=info&#038;w=1800&#038;ssl=1 1800w,https:\/\/i0.wp.com\/vpj-industries.fi\/wp-content\/uploads\/2021\/02\/20210126_0134111-scaled.jpg?strip=info&#038;w=2000&#038;ssl=1 2000w\" alt=\"\" data-height=\"1920\" data-id=\"354\" data-link=\"https:\/\/vpj-industries.fi\/?attachment_id=354\" data-url=\"https:\/\/vpj-industries.fi\/wp-content\/uploads\/2021\/02\/20210126_0134111-scaled.jpg\" data-width=\"2560\" src=\"https:\/\/i0.wp.com\/vpj-industries.fi\/wp-content\/uploads\/2021\/02\/20210126_0134111-scaled.jpg?ssl=1\" data-amp-layout=\"responsive\"\/><\/figure><\/div><div class=\"tiled-gallery__col\" style=\"flex-basis:53.80994%\"><figure class=\"tiled-gallery__item\"><img decoding=\"async\" srcset=\"https:\/\/i1.wp.com\/vpj-industries.fi\/wp-content\/uploads\/2020\/05\/cropped-Comm_DeeMax_encal-3.jpg?strip=info&#038;w=600&#038;ssl=1 600w,https:\/\/i1.wp.com\/vpj-industries.fi\/wp-content\/uploads\/2020\/05\/cropped-Comm_DeeMax_encal-3.jpg?strip=info&#038;w=900&#038;ssl=1 900w,https:\/\/i1.wp.com\/vpj-industries.fi\/wp-content\/uploads\/2020\/05\/cropped-Comm_DeeMax_encal-3.jpg?strip=info&#038;w=954&#038;ssl=1 954w\" alt=\"\" data-height=\"1300\" data-id=\"324\" data-link=\"https:\/\/vpj-industries.fi\/cropped-comm_deemax_encal-3-jpg\/\" data-url=\"https:\/\/vpj-industries.fi\/wp-content\/uploads\/2020\/05\/cropped-Comm_DeeMax_encal-3.jpg\" data-width=\"954\" src=\"https:\/\/i1.wp.com\/vpj-industries.fi\/wp-content\/uploads\/2020\/05\/cropped-Comm_DeeMax_encal-3.jpg?ssl=1\" data-amp-layout=\"responsive\"\/><\/figure><\/div><\/div><div class=\"tiled-gallery__row\"><div class=\"tiled-gallery__col\" style=\"flex-basis:27.30136%\"><figure class=\"tiled-gallery__item\"><img decoding=\"async\" srcset=\"https:\/\/i1.wp.com\/vpj-industries.fi\/wp-content\/uploads\/2016\/01\/IMG_20170221_082915_304.jpg?strip=info&#038;w=600&#038;ssl=1 600w,https:\/\/i1.wp.com\/vpj-industries.fi\/wp-content\/uploads\/2016\/01\/IMG_20170221_082915_304.jpg?strip=info&#038;w=900&#038;ssl=1 900w,https:\/\/i1.wp.com\/vpj-industries.fi\/wp-content\/uploads\/2016\/01\/IMG_20170221_082915_304.jpg?strip=info&#038;w=1200&#038;ssl=1 1200w,https:\/\/i1.wp.com\/vpj-industries.fi\/wp-content\/uploads\/2016\/01\/IMG_20170221_082915_304.jpg?strip=info&#038;w=1500&#038;ssl=1 1500w,https:\/\/i1.wp.com\/vpj-industries.fi\/wp-content\/uploads\/2016\/01\/IMG_20170221_082915_304.jpg?strip=info&#038;w=1536&#038;ssl=1 1536w\" alt=\"\" data-height=\"1536\" data-id=\"229\" data-link=\"https:\/\/vpj-industries.fi\/?attachment_id=229\" data-url=\"https:\/\/vpj-industries.fi\/wp-content\/uploads\/2016\/01\/IMG_20170221_082915_304.jpg\" data-width=\"1536\" src=\"https:\/\/i1.wp.com\/vpj-industries.fi\/wp-content\/uploads\/2016\/01\/IMG_20170221_082915_304.jpg?ssl=1\" data-amp-layout=\"responsive\"\/><\/figure><\/div><div class=\"tiled-gallery__col\" style=\"flex-basis:36.34932%\"><figure class=\"tiled-gallery__item\"><img decoding=\"async\" srcset=\"https:\/\/i1.wp.com\/vpj-industries.fi\/wp-content\/uploads\/2016\/11\/20161103_142105.jpg?strip=info&#038;w=600&#038;ssl=1 600w,https:\/\/i1.wp.com\/vpj-industries.fi\/wp-content\/uploads\/2016\/11\/20161103_142105.jpg?strip=info&#038;w=900&#038;ssl=1 900w,https:\/\/i1.wp.com\/vpj-industries.fi\/wp-content\/uploads\/2016\/11\/20161103_142105.jpg?strip=info&#038;w=1200&#038;ssl=1 1200w,https:\/\/i1.wp.com\/vpj-industries.fi\/wp-content\/uploads\/2016\/11\/20161103_142105.jpg?strip=info&#038;w=1500&#038;ssl=1 1500w,https:\/\/i1.wp.com\/vpj-industries.fi\/wp-content\/uploads\/2016\/11\/20161103_142105.jpg?strip=info&#038;w=1800&#038;ssl=1 1800w,https:\/\/i1.wp.com\/vpj-industries.fi\/wp-content\/uploads\/2016\/11\/20161103_142105.jpg?strip=info&#038;w=2000&#038;ssl=1 2000w\" alt=\"\" data-height=\"1920\" data-id=\"170\" data-link=\"https:\/\/vpj-industries.fi\/20161103_142105\/\" data-url=\"https:\/\/vpj-industries.fi\/wp-content\/uploads\/2016\/11\/20161103_142105.jpg\" data-width=\"2560\" src=\"https:\/\/i1.wp.com\/vpj-industries.fi\/wp-content\/uploads\/2016\/11\/20161103_142105.jpg?ssl=1\" data-amp-layout=\"responsive\"\/><\/figure><\/div><div class=\"tiled-gallery__col\" style=\"flex-basis:36.34932%\"><figure class=\"tiled-gallery__item\"><img decoding=\"async\" srcset=\"https:\/\/i1.wp.com\/vpj-industries.fi\/wp-content\/uploads\/2016\/11\/20161103_142204.jpg?strip=info&#038;w=600&#038;ssl=1 600w,https:\/\/i1.wp.com\/vpj-industries.fi\/wp-content\/uploads\/2016\/11\/20161103_142204.jpg?strip=info&#038;w=900&#038;ssl=1 900w,https:\/\/i1.wp.com\/vpj-industries.fi\/wp-content\/uploads\/2016\/11\/20161103_142204.jpg?strip=info&#038;w=1200&#038;ssl=1 1200w,https:\/\/i1.wp.com\/vpj-industries.fi\/wp-content\/uploads\/2016\/11\/20161103_142204.jpg?strip=info&#038;w=1500&#038;ssl=1 1500w,https:\/\/i1.wp.com\/vpj-industries.fi\/wp-content\/uploads\/2016\/11\/20161103_142204.jpg?strip=info&#038;w=1800&#038;ssl=1 1800w,https:\/\/i1.wp.com\/vpj-industries.fi\/wp-content\/uploads\/2016\/11\/20161103_142204.jpg?strip=info&#038;w=2000&#038;ssl=1 2000w\" alt=\"\" data-height=\"1920\" data-id=\"169\" data-link=\"https:\/\/vpj-industries.fi\/20161103_142204\/\" data-url=\"https:\/\/vpj-industries.fi\/wp-content\/uploads\/2016\/11\/20161103_142204.jpg\" data-width=\"2560\" src=\"https:\/\/i1.wp.com\/vpj-industries.fi\/wp-content\/uploads\/2016\/11\/20161103_142204.jpg?ssl=1\" data-amp-layout=\"responsive\"\/><\/figure><\/div><\/div><\/div><\/div>\n\n\n\n<div style=\"height:var(--wp--preset--spacing--30)\" aria-hidden=\"true\" class=\"wp-block-spacer\"><\/div>\n<\/div><\/div>\n","protected":false},"excerpt":{"rendered":"<p>VPJ Industries on perustettu vuonna 2011. Ensimm\u00e4isin\u00e4 t\u00f6in\u00e4 tein hirsikorjauksia vanhoihin rakennuksiin. Ty\u00f6maille valmistin my\u00f6s suunnittelemiani ty\u00f6kaluja nostoihin ja siirtoihin. 2023 maalasin ensimm\u00e4iset \u00f6ljyv\u00e4riteokset mm. maataloustraktoreista. N\u00e4ist\u00e4 painettuja postikortteja voi ostaa Iitin Maatilatorilta ja Heinolan Heilasta.<\/p>\n","protected":false},"author":1,"featured_media":0,"parent":0,"menu_order":0,"comment_status":"closed","ping_status":"closed","template":"","meta":{"footnotes":""},"class_list":["post-391","page","type-page","status-publish","hentry"],"jetpack_sharing_enabled":true,"_links":{"self":[{"href":"https:\/\/vpj-industries.fi\/index.php\/wp-json\/wp\/v2\/pages\/391","targetHints":{"allow":["GET"]}}],"collection":[{"href":"https:\/\/vpj-industries.fi\/index.php\/wp-json\/wp\/v2\/pages"}],"about":[{"href":"https:\/\/vpj-industries.fi\/index.php\/wp-json\/wp\/v2\/types\/page"}],"author":[{"embeddable":true,"href":"https:\/\/vpj-industries.fi\/index.php\/wp-json\/wp\/v2\/users\/1"}],"replies":[{"embeddable":true,"href":"https:\/\/vpj-industries.fi\/index.php\/wp-json\/wp\/v2\/comments?post=391"}],"version-history":[{"count":13,"href":"https:\/\/vpj-industries.fi\/index.php\/wp-json\/wp\/v2\/pages\/391\/revisions"}],"predecessor-version":[{"id":479,"href":"https:\/\/vpj-industries.fi\/index.php\/wp-json\/wp\/v2\/pages\/391\/revisions\/479"}],"wp:attachment":[{"href":"https:\/\/vpj-industries.fi\/index.php\/wp-json\/wp\/v2\/media?parent=391"}],"curies":[{"name":"wp","href":"https:\/\/api.w.org\/{rel}","templated":true}]}}